{"id":925,"date":"2024-11-29T14:29:51","date_gmt":"2024-11-29T13:29:51","guid":{"rendered":"https:\/\/sarris.propeo.ca\/nos-avantages\/"},"modified":"2025-01-08T09:20:18","modified_gmt":"2025-01-08T08:20:18","slug":"our-advantages","status":"publish","type":"page","link":"https:\/\/sarrisco.ca\/en\/our-advantages\/","title":{"rendered":"Our advantages"},"content":{"rendered":"\t\t<div data-elementor-type=\"wp-page\" data-elementor-id=\"925\" class=\"elementor elementor-925 elementor-677\" data-elementor-post-type=\"page\">\n\t\t\t\t\t\t<section class=\"elementor-section elementor-top-section elementor-element elementor-element-f642421 elementor-section-boxed elementor-section-height-default elementor-section-height-default\" data-id=\"f642421\" data-element_type=\"section\">\n\t\t\t\t\t\t<div class=\"elementor-container elementor-column-gap-default\">\n\t\t\t\t\t<div class=\"elementor-column elementor-col-100 elementor-top-column elementor-element elementor-element-9447885\" data-id=\"9447885\" data-element_type=\"column\">\n\t\t\t<div class=\"elementor-widget-wrap elementor-element-populated\">\n\t\t\t\t\t\t<div class=\"elementor-element elementor-element-08eed4d elementor-widget elementor-widget-heading\" data-id=\"08eed4d\" data-element_type=\"widget\" data-widget_type=\"heading.default\">\n\t\t\t\t<div class=\"elementor-widget-container\">\n\t\t\t\t\t<h1 class=\"elementor-heading-title elementor-size-default\">Our advantages<\/h1>\t\t\t\t<\/div>\n\t\t\t\t<\/div>\n\t\t\t\t<div class=\"elementor-element elementor-element-7828abc elementor-widget__width-initial elementor-widget elementor-widget-text-editor\" data-id=\"7828abc\" data-element_type=\"widget\" data-widget_type=\"text-editor.default\">\n\t\t\t\t<div class=\"elementor-widget-container\">\n\t\t\t\t\t\t\t\t\t<p>Classe aptent taciti sociosqu ad litora torquent per conubia nostra, per inceptos himenaeos. Nunc sed lacus ac odio sollicitudin cursus sed pellentesque sem.<\/p>\t\t\t\t\t\t\t\t<\/div>\n\t\t\t\t<\/div>\n\t\t\t\t\t<\/div>\n\t\t<\/div>\n\t\t\t\t\t<\/div>\n\t\t<\/section>\n\t\t\t\t<section class=\"elementor-section elementor-top-section elementor-element elementor-element-5485b99 elementor-section-boxed elementor-section-height-default elementor-section-height-default\" data-id=\"5485b99\" data-element_type=\"section\">\n\t\t\t\t\t\t<div class=\"elementor-container elementor-column-gap-custom\">\n\t\t\t\t\t<div class=\"elementor-column elementor-col-33 elementor-top-column elementor-element elementor-element-3236ee5\" data-id=\"3236ee5\" data-element_type=\"column\">\n\t\t\t<div class=\"elementor-widget-wrap elementor-element-populated\">\n\t\t\t\t\t\t<div class=\"elementor-element elementor-element-4fbfaa5 elementor-view-default elementor-position-top elementor-mobile-position-top elementor-widget elementor-widget-icon-box\" data-id=\"4fbfaa5\" data-element_type=\"widget\" data-widget_type=\"icon-box.default\">\n\t\t\t\t<div class=\"elementor-widget-container\">\n\t\t\t\t\t\t\t<div class=\"elementor-icon-box-wrapper\">\n\n\t\t\t\t\t\t<div class=\"elementor-icon-box-icon\">\n\t\t\t\t<span  class=\"elementor-icon elementor-animation-\">\n\t\t\t\t<svg xmlns=\"http:\/\/www.w3.org\/2000\/svg\" width=\"68.373\" height=\"68.311\" viewBox=\"0 0 68.373 68.311\"><g id=\"icons\" transform=\"translate(-9.5 -9.5)\"><g id=\"XMLID_453_\" transform=\"translate(10.5 10.5)\"><path id=\"XMLID_477_\" d=\"M27.7,45.2V57.548c0,.154.154.309.463.309l6.329-2.624,6.329,2.624c.154.154.463,0,.463-.309V45.2\" transform=\"translate(-1.151 8.362)\" fill=\"none\" stroke=\"#c0a64a\" stroke-width=\"2\"><\/path><path id=\"XMLID_715_\" d=\"M55.1,61.919,41.367,54.973a.984.984,0,0,0-.926,0L26.858,62.382a.981.981,0,0,1-1.389-.926l2.47-15.281c0-.309,0-.617-.309-.772L16.516,34.752a.875.875,0,0,1,.463-1.544l15.281-2.47a.689.689,0,0,0,.617-.463l6.637-13.892a.951.951,0,0,1,1.7,0l6.946,13.738a.849.849,0,0,0,.772.463l15.281,2.007a.875.875,0,0,1,.463,1.544L53.715,45.094a1.179,1.179,0,0,0-.309.772l2.778,15.127A.727.727,0,0,1,55.1,61.919Z\" transform=\"translate(-7.409 -7.586)\" fill=\"none\" stroke=\"#c0a64a\" stroke-width=\"2\"><\/path><path id=\"XMLID_459_\" d=\"M47.2,16.8a33.166,33.166,0,0,1,0,46.924\" transform=\"translate(9.449 -7.076)\" fill=\"none\" stroke=\"#c0a64a\" stroke-width=\"2\"><\/path><path id=\"XMLID_457_\" d=\"M16.8,20.224a33.166,33.166,0,0,1,46.924,0\" transform=\"translate(-7.076 -10.5)\" fill=\"none\" stroke=\"#c0a64a\" stroke-width=\"2\" stroke-dasharray=\"2\"><\/path><path id=\"XMLID_456_\" d=\"M20.224,63.824a33.166,33.166,0,0,1,0-46.924\" transform=\"translate(-10.5 -7.021)\" fill=\"none\" stroke=\"#c0a64a\" stroke-width=\"2\"><\/path><\/g><\/g><\/svg>\t\t\t\t<\/span>\n\t\t\t<\/div>\n\t\t\t\n\t\t\t\t\t\t<div class=\"elementor-icon-box-content\">\n\n\t\t\t\t\t\t\t\t\t<h3 class=\"elementor-icon-box-title\">\n\t\t\t\t\t\t<span  >\n\t\t\t\t\t\t\tBest quality\t\t\t\t\t\t<\/span>\n\t\t\t\t\t<\/h3>\n\t\t\t\t\n\t\t\t\t\t\t\t\t\t<p class=\"elementor-icon-box-description\">\n\t\t\t\t\t\tLorem ipsum dolor sit amet, consectetur adipiscing elit. \u00c9n\u00e9en sed lacus cursus lacus aliquam facilisis in sit amet sem. M\u00e9c\u00e8ne eu risus mi. M\u00e9c\u00e8ne a vehicula nisi,\t\t\t\t\t<\/p>\n\t\t\t\t\n\t\t\t<\/div>\n\t\t\t\n\t\t<\/div>\n\t\t\t\t\t\t<\/div>\n\t\t\t\t<\/div>\n\t\t\t\t\t<\/div>\n\t\t<\/div>\n\t\t\t\t<div class=\"elementor-column elementor-col-33 elementor-top-column elementor-element elementor-element-78d8060\" data-id=\"78d8060\" data-element_type=\"column\">\n\t\t\t<div class=\"elementor-widget-wrap elementor-element-populated\">\n\t\t\t\t\t\t<div class=\"elementor-element elementor-element-0e48b87 elementor-view-default elementor-position-top elementor-mobile-position-top elementor-widget elementor-widget-icon-box\" data-id=\"0e48b87\" data-element_type=\"widget\" data-widget_type=\"icon-box.default\">\n\t\t\t\t<div class=\"elementor-widget-container\">\n\t\t\t\t\t\t\t<div class=\"elementor-icon-box-wrapper\">\n\n\t\t\t\t\t\t<div class=\"elementor-icon-box-icon\">\n\t\t\t\t<span  class=\"elementor-icon elementor-animation-\">\n\t\t\t\t<svg xmlns=\"http:\/\/www.w3.org\/2000\/svg\" width=\"93.373\" height=\"56.024\" viewBox=\"0 0 93.373 56.024\"><path id=\"mbridelivery_99588\" d=\"M48.18,24.675a1.581,1.581,0,0,0-1.08.473L38.89,33.333l-5.058-5.042c-1.416-1.475-3.7.8-2.225,2.216l6.172,6.156a1.576,1.576,0,0,0,2.225,0l9.322-9.3a1.576,1.576,0,0,0-1.142-2.692ZM1.556,37.124h9.337a1.556,1.556,0,1,1,0,3.112H1.556a1.556,1.556,0,1,1,0-3.112Zm0-12.45h9.337a1.556,1.556,0,0,1,0,3.112H1.556a1.556,1.556,0,0,1,0-3.112Zm0-12.45h9.337a1.556,1.556,0,0,1,0,3.112H1.556a1.556,1.556,0,1,1,0-3.112Zm74.7,34.237a7.781,7.781,0,1,0,7.781,7.781A7.8,7.8,0,0,0,76.255,46.462Zm0,3.112a4.669,4.669,0,1,1-4.669,4.669A4.647,4.647,0,0,1,76.255,49.574ZM35.793,46.462a7.781,7.781,0,1,0,7.781,7.781A7.8,7.8,0,0,0,35.793,46.462Zm0,3.112a4.669,4.669,0,1,1-4.669,4.669A4.647,4.647,0,0,1,35.793,49.574ZM20.231,6a4.7,4.7,0,0,0-4.669,4.669V44.905a4.7,4.7,0,0,0,4.669,4.669h6.225a1.556,1.556,0,1,0,0-3.112H20.231a1.519,1.519,0,0,1-1.556-1.556V10.669a1.519,1.519,0,0,1,1.556-1.556H60.692a1.519,1.519,0,0,1,1.556,1.556V46.462H45.13a1.557,1.557,0,0,0,0,3.112H66.917a1.556,1.556,0,0,0,0-3.112H65.361V18.45H78.517L90.261,36.8v8.1A1.519,1.519,0,0,1,88.7,46.462H85.592a1.557,1.557,0,0,0,0,3.112H88.7a4.7,4.7,0,0,0,4.669-4.669V36.346a1.573,1.573,0,0,0-.243-.84L80.681,16.053a1.558,1.558,0,0,0-1.313-.716H65.361V10.669A4.7,4.7,0,0,0,60.692,6Z\" transform=\"translate(0 -6)\" fill=\"#c0a64a\"><\/path><\/svg>\t\t\t\t<\/span>\n\t\t\t<\/div>\n\t\t\t\n\t\t\t\t\t\t<div class=\"elementor-icon-box-content\">\n\n\t\t\t\t\t\t\t\t\t<h3 class=\"elementor-icon-box-title\">\n\t\t\t\t\t\t<span  >\n\t\t\t\t\t\t\tFree delivery\t\t\t\t\t\t<\/span>\n\t\t\t\t\t<\/h3>\n\t\t\t\t\n\t\t\t\t\t\t\t\t\t<p class=\"elementor-icon-box-description\">\n\t\t\t\t\t\tLorem ipsum dolor sit amet, consectetur adipiscing elit. \u00c9n\u00e9en sed lacus cursus lacus aliquam facilisis in sit amet sem. M\u00e9c\u00e8ne eu risus mi. M\u00e9c\u00e8ne a vehicula nisi,\t\t\t\t\t<\/p>\n\t\t\t\t\n\t\t\t<\/div>\n\t\t\t\n\t\t<\/div>\n\t\t\t\t\t\t<\/div>\n\t\t\t\t<\/div>\n\t\t\t\t\t<\/div>\n\t\t<\/div>\n\t\t\t\t<div class=\"elementor-column elementor-col-33 elementor-top-column elementor-element elementor-element-a556ada\" data-id=\"a556ada\" data-element_type=\"column\">\n\t\t\t<div class=\"elementor-widget-wrap elementor-element-populated\">\n\t\t\t\t\t\t<div class=\"elementor-element elementor-element-b59aae3 elementor-view-default elementor-position-top elementor-mobile-position-top elementor-widget elementor-widget-icon-box\" data-id=\"b59aae3\" data-element_type=\"widget\" data-widget_type=\"icon-box.default\">\n\t\t\t\t<div class=\"elementor-widget-container\">\n\t\t\t\t\t\t\t<div class=\"elementor-icon-box-wrapper\">\n\n\t\t\t\t\t\t<div class=\"elementor-icon-box-icon\">\n\t\t\t\t<span  class=\"elementor-icon elementor-animation-\">\n\t\t\t\t<svg xmlns=\"http:\/\/www.w3.org\/2000\/svg\" width=\"67.739\" height=\"69.864\" viewBox=\"0 0 67.739 69.864\"><g id=\"standards_excellence_quality_quality_assurance_icon_263004\" transform=\"translate(-2.668 -1.263)\"><path id=\"Trac&#xE9;_3\" data-name=\"Trac&#xE9; 3\" d=\"M43.034,31.548A12.814,12.814,0,1,1,55.848,18.734,12.814,12.814,0,0,1,43.034,31.548Zm0-24.483A11.669,11.669,0,1,0,54.7,18.734,11.669,11.669,0,0,0,43.034,7.065Z\" transform=\"translate(-6.512 -1.101)\" fill=\"#c0a64a\"><\/path><path id=\"Trac&#xE9;_4\" data-name=\"Trac&#xE9; 4\" d=\"M44.479,34.014a3.383,3.383,0,0,1-1.573-.565,2.635,2.635,0,0,0-1.046-.435,2.635,2.635,0,0,0-1.046.435,2.887,2.887,0,0,1-1.84.542A2.887,2.887,0,0,1,37.4,32.83a2.581,2.581,0,0,0-.764-.764,2.7,2.7,0,0,0-1.115.046A2.887,2.887,0,0,1,33.589,32a2.856,2.856,0,0,1-1.069-1.627,2.528,2.528,0,0,0-.5-.977,2.589,2.589,0,0,0-1.061-.336,2.848,2.848,0,0,1-1.779-.764,2.894,2.894,0,0,1-.451-1.879,2.7,2.7,0,0,0-.145-1.107,2.6,2.6,0,0,0-.878-.664A2.91,2.91,0,0,1,26.289,23.3a2.81,2.81,0,0,1,.221-1.909,2.673,2.673,0,0,0,.244-1.1,2.7,2.7,0,0,0-.626-.9,2.894,2.894,0,0,1-.878-1.756,2.894,2.894,0,0,1,.878-1.756,2.574,2.574,0,0,0,.588-.916,2.719,2.719,0,0,0-.244-1.1,2.81,2.81,0,0,1-.221-1.909,2.864,2.864,0,0,1,1.413-1.336,2.7,2.7,0,0,0,.878-.672,2.642,2.642,0,0,0,.145-1.1,2.9,2.9,0,0,1,.451-1.886,2.9,2.9,0,0,1,1.779-.764,2.719,2.719,0,0,0,1.061-.328,2.627,2.627,0,0,0,.5-.985,2.894,2.894,0,0,1,1.069-1.627,2.887,2.887,0,0,1,1.932-.115,2.6,2.6,0,0,0,1.115.053,2.619,2.619,0,0,0,.764-.764,2.917,2.917,0,0,1,1.573-1.161,2.864,2.864,0,0,1,1.879.557,2.635,2.635,0,0,0,1.046.435,2.635,2.635,0,0,0,1.046-.435,2.848,2.848,0,0,1,1.84-.55,2.917,2.917,0,0,1,1.573,1.161,2.619,2.619,0,0,0,.764.764A2.719,2.719,0,0,0,48.2,3.147a2.887,2.887,0,0,1,1.932.115A2.887,2.887,0,0,1,51.237,4.88a2.627,2.627,0,0,0,.5.985,2.6,2.6,0,0,0,1.061.328,2.887,2.887,0,0,1,1.779.764,2.9,2.9,0,0,1,.451,1.886,2.642,2.642,0,0,0,.145,1.1,2.6,2.6,0,0,0,.878.672,2.864,2.864,0,0,1,1.413,1.336,2.833,2.833,0,0,1-.221,1.917A2.665,2.665,0,0,0,57,14.961a2.574,2.574,0,0,0,.588.916,2.894,2.894,0,0,1,.878,1.756,2.894,2.894,0,0,1-.878,1.756,2.7,2.7,0,0,0-.588.916,2.673,2.673,0,0,0,.244,1.1,2.81,2.81,0,0,1,.221,1.909,2.909,2.909,0,0,1-1.413,1.344,2.6,2.6,0,0,0-.878.664,2.7,2.7,0,0,0-.145,1.107,2.894,2.894,0,0,1-.451,1.879,2.864,2.864,0,0,1-1.779.764,2.589,2.589,0,0,0-1.061.336,2.528,2.528,0,0,0-.5.977,2.894,2.894,0,0,1-1.069,1.627,2.894,2.894,0,0,1-1.932.115,2.7,2.7,0,0,0-1.115-.046,2.581,2.581,0,0,0-.764.764,2.932,2.932,0,0,1-1.573,1.168A1.573,1.573,0,0,1,44.479,34.014Zm-2.619-2.146a3.406,3.406,0,0,1,1.611.58,2.291,2.291,0,0,0,1.077.42c.275-.053.588-.42.9-.764a3.223,3.223,0,0,1,1.283-1.077,3.352,3.352,0,0,1,1.7,0,2.169,2.169,0,0,0,1.168,0A2.154,2.154,0,0,0,50.16,30a3.337,3.337,0,0,1,.863-1.443,3.276,3.276,0,0,1,1.588-.58,2.2,2.2,0,0,0,1.107-.382,2.131,2.131,0,0,0,.183-1.161,3.406,3.406,0,0,1,.283-1.7,3.245,3.245,0,0,1,1.291-1.077c.4-.244.825-.489.916-.764a2.192,2.192,0,0,0-.221-1.138,3.391,3.391,0,0,1-.3-1.68,3.33,3.33,0,0,1,.832-1.443,2.274,2.274,0,0,0,.619-1.031A2.22,2.22,0,0,0,56.7,16.58a3.36,3.36,0,0,1-.832-1.451,3.421,3.421,0,0,1,.3-1.68,2.176,2.176,0,0,0,.2-1.107c-.092-.252-.512-.5-.916-.764A3.307,3.307,0,0,1,54.162,10.5a3.421,3.421,0,0,1-.3-1.672,2.115,2.115,0,0,0-.183-1.153,2.123,2.123,0,0,0-1.107-.382,3.36,3.36,0,0,1-1.55-.557,3.391,3.391,0,0,1-.848-1.466c-.16-.435-.328-.893-.565-1.031a2.245,2.245,0,0,0-1.168,0,3.268,3.268,0,0,1-1.7,0,3.284,3.284,0,0,1-1.3-1.054c-.313-.359-.626-.764-.9-.764a2.23,2.23,0,0,0-1.077.412,3.337,3.337,0,0,1-1.611.573,3.337,3.337,0,0,1-1.611-.588,2.23,2.23,0,0,0-1.077-.412c-.275.046-.588.42-.9.764a3.322,3.322,0,0,1-1.275,1.077,3.383,3.383,0,0,1-1.7,0,2.215,2.215,0,0,0-1.161,0c-.244.137-.412.6-.573,1.031A3.322,3.322,0,0,1,32.7,6.736a3.36,3.36,0,0,1-1.588.58A2.123,2.123,0,0,0,30,7.7a2.115,2.115,0,0,0-.183,1.153,3.391,3.391,0,0,1-.3,1.665A3.261,3.261,0,0,1,28.228,11.6c-.4.237-.825.481-.916.764a2.176,2.176,0,0,0,.221,1.138,3.421,3.421,0,0,1,.3,1.68A3.36,3.36,0,0,1,27,16.633a2.257,2.257,0,0,0-.619,1.023A2.313,2.313,0,0,0,27,18.687a3.33,3.33,0,0,1,.832,1.443,3.391,3.391,0,0,1-.3,1.68,2.176,2.176,0,0,0-.183,1.115c.092.26.512.5.916.764a3.322,3.322,0,0,1,1.268,1.046,3.406,3.406,0,0,1,.3,1.665,2.146,2.146,0,0,0,.183,1.161,2.2,2.2,0,0,0,1.107.382,3.276,3.276,0,0,1,1.573.611,3.414,3.414,0,0,1,.848,1.459,2.153,2.153,0,0,0,.565,1.031,2.169,2.169,0,0,0,1.168,0,3.353,3.353,0,0,1,1.7,0,3.223,3.223,0,0,1,1.283,1.077c.313.359.626.725.9.764a2.291,2.291,0,0,0,1.077-.42,3.33,3.33,0,0,1,1.627-.6Z\" transform=\"translate(-5.337 0)\" fill=\"#c0a64a\"><\/path><path id=\"Trac&#xE9;_5\" data-name=\"Trac&#xE9; 5\" d=\"M48.716,26.371a.619.619,0,0,1-.26-.061L44.9,24.424,41.316,26.31a.573.573,0,0,1-.6-.046.565.565,0,0,1-.229-.565l.68-3.979L38.277,18.9a.58.58,0,0,1-.145-.588.573.573,0,0,1,.466-.389l4.009-.58,1.795-3.62a.588.588,0,0,1,1.023,0l1.764,3.62,3.994.58a.573.573,0,0,1,.466.389.58.58,0,0,1-.145.588l-2.894,2.826.68,3.979a.565.565,0,0,1-.229.565.588.588,0,0,1-.344.107ZM44.9,23.2a.557.557,0,0,1,.267.069l2.787,1.481-.542-3.139a.565.565,0,0,1,.168-.5l2.291-2.222-3.131-.443a.6.6,0,0,1-.435-.313L44.9,15.26l-1.405,2.856a.6.6,0,0,1-.435.313l-3.146.458L42.2,21.11a.565.565,0,0,1,.168.5l-.527,3.139,2.818-1.481A.558.558,0,0,1,44.9,23.2Z\" transform=\"translate(-8.375 -2.873)\" fill=\"#c0a64a\"><\/path><path id=\"Trac&#xE9;_6\" data-name=\"Trac&#xE9; 6\" d=\"M36.646,57.842a.58.58,0,0,1-.5-.283l-2.757-4.674-5.62,1.627a.573.573,0,0,1-.695-.764l5.7-15.418A.565.565,0,0,1,33.545,38a.573.573,0,0,1,.336.756L28.536,53.108,33.5,51.733a.557.557,0,0,1,.649.26l2.36,3.994,5.231-15.029a.574.574,0,1,1,1.084.374L37.18,57.491a.573.573,0,0,1-.481.382Z\" transform=\"translate(-5.759 -8.67)\" fill=\"#c0a64a\"><\/path><path id=\"Trac&#xE9;_7\" data-name=\"Trac&#xE9; 7\" d=\"M52.458,57.852H52.4a.573.573,0,0,1-.481-.382L46.28,41.3a.574.574,0,0,1,1.084-.374L52.6,55.958l2.36-3.994a.557.557,0,0,1,.649-.221l4.964,1.367L55.223,38.761a.574.574,0,0,1,1.077-.4L62,53.782a.573.573,0,0,1-.695.764l-5.62-1.6L52.932,57.6A.58.58,0,0,1,52.458,57.852Z\" transform=\"translate(-10.3 -8.68)\" fill=\"#c0a64a\"><\/path><path id=\"Trac&#xE9;_8\" data-name=\"Trac&#xE9; 8\" d=\"M45.693,84.754h-.374a18.5,18.5,0,0,1-4.36-1.008c-.7-.229-1.436-.466-2.146-.641-2.978-.764-5.9-1.39-8.66-1.932L29.313,81c-3.559-.7-7.239-1.428-10.691-1.008a.55.55,0,0,1-.451-.145.6.6,0,0,1-.191-.443L18.362,67.7a.573.573,0,0,1,.512-.55A66.674,66.674,0,0,0,26.38,65.8,16.327,16.327,0,0,1,40.195,68.97a5.8,5.8,0,0,0,2.757,1.138l4.04.5a7.132,7.132,0,0,0,2.459-.122c2.344-.542,6.384-1.084,8.125,1.039a31.173,31.173,0,0,1,5.636-2.2,17.388,17.388,0,0,1,7.812-.611,3.765,3.765,0,0,1,2.887,2.077,2.031,2.031,0,0,1-.458,2.092,3.948,3.948,0,0,1-1.7,1,126.486,126.486,0,0,0-19.931,8.835A13.074,13.074,0,0,1,45.693,84.754ZM20.729,78.721a45.979,45.979,0,0,1,8.8,1.153l.84.168c2.787.542,5.72,1.2,8.713,1.94.764.191,1.527.428,2.222.664A16.93,16.93,0,0,0,45.4,83.6c1.527.107,3.505-.535,5.827-1.879a127.139,127.139,0,0,1,20.107-8.912,2.887,2.887,0,0,0,1.229-.687A.863.863,0,0,0,72.8,71.2a2.7,2.7,0,0,0-1.986-1.336,16.335,16.335,0,0,0-7.323.58A29.829,29.829,0,0,0,58.1,72.551a2.161,2.161,0,0,1-.168,1.7c-1.313,2.421-7.224,3.5-9.225,3.62-2.444.137-8.156,0-10.355-.832a.573.573,0,0,1-.344-.764.58.58,0,0,1,.764-.344c1.879.695,7.194.924,9.927.764,2.291-.137,7.369-1.329,8.286-3.055a1.084,1.084,0,0,0-.061-1.13c-1.252-2.077-5.483-1.313-7.247-.916a8.11,8.11,0,0,1-2.856.137L42.776,71.2a6.873,6.873,0,0,1-3.3-1.352,15.227,15.227,0,0,0-12.852-2.978,64.914,64.914,0,0,1-7.163,1.321l-.344,10.561C19.652,78.744,20.187,78.721,20.729,78.721Z\" transform=\"translate(-3.619 -15.154)\" fill=\"#c0a64a\"><\/path><path id=\"Trac&#xE9;_9\" data-name=\"Trac&#xE9; 9\" d=\"M18.022,68.279h0a.573.573,0,0,1-.557-.58V66.515H14.823a.573.573,0,0,1,0-1.145h3.223a.565.565,0,0,1,.573.588v1.764a.565.565,0,0,1-.6.557Z\" transform=\"translate(-2.737 -15.151)\" fill=\"#c0a64a\"><\/path><path id=\"Trac&#xE9;_10\" data-name=\"Trac&#xE9; 10\" d=\"M17.68,86.96H15.473a.573.573,0,0,1,0-1.145H17.13l.092-2.245a.573.573,0,0,1,1.145.046l-.115,2.795A.565.565,0,0,1,17.68,86.96Z\" transform=\"translate(-2.891 -19.323)\" fill=\"#c0a64a\"><\/path><path id=\"Trac&#xE9;_11\" data-name=\"Trac&#xE9; 11\" d=\"M3.235,85.676a.565.565,0,0,1-.565-.535A.573.573,0,0,1,3.2,84.53l8.889-.619-.58-19.427-7.5-.519a.574.574,0,1,1,.076-1.145l8.018.557a.573.573,0,0,1,.535.557l.6,20.481a.565.565,0,0,1-.527.588l-9.439.657Z\" transform=\"translate(0 -14.548)\" fill=\"#c0a64a\"><\/path><\/g><\/svg>\t\t\t\t<\/span>\n\t\t\t<\/div>\n\t\t\t\n\t\t\t\t\t\t<div class=\"elementor-icon-box-content\">\n\n\t\t\t\t\t\t\t\t\t<h3 class=\"elementor-icon-box-title\">\n\t\t\t\t\t\t<span  >\n\t\t\t\t\t\t\tWarranty\t\t\t\t\t\t<\/span>\n\t\t\t\t\t<\/h3>\n\t\t\t\t\n\t\t\t\t\t\t\t\t\t<p class=\"elementor-icon-box-description\">\n\t\t\t\t\t\tLorem ipsum dolor sit amet, consectetur adipiscing elit. \u00c9n\u00e9en sed lacus cursus lacus aliquam facilisis in sit amet sem. M\u00e9c\u00e8ne eu risus mi. M\u00e9c\u00e8ne a vehicula nisi,\t\t\t\t\t<\/p>\n\t\t\t\t\n\t\t\t<\/div>\n\t\t\t\n\t\t<\/div>\n\t\t\t\t\t\t<\/div>\n\t\t\t\t<\/div>\n\t\t\t\t\t<\/div>\n\t\t<\/div>\n\t\t\t\t\t<\/div>\n\t\t<\/section>\n\t\t\t\t<section class=\"elementor-section elementor-top-section elementor-element elementor-element-b43c278 elementor-section-content-middle elementor-section-boxed elementor-section-height-default elementor-section-height-default\" data-id=\"b43c278\" data-element_type=\"section\" data-settings=\"{&quot;background_background&quot;:&quot;classic&quot;}\">\n\t\t\t\t\t\t<div class=\"elementor-container elementor-column-gap-default\">\n\t\t\t\t\t<div class=\"elementor-column elementor-col-50 elementor-top-column elementor-element elementor-element-e76a3ba\" data-id=\"e76a3ba\" data-element_type=\"column\">\n\t\t\t<div class=\"elementor-widget-wrap elementor-element-populated\">\n\t\t\t\t\t\t<div class=\"elementor-element elementor-element-4c9c1a3 elementor-widget elementor-widget-heading\" data-id=\"4c9c1a3\" data-element_type=\"widget\" data-widget_type=\"heading.default\">\n\t\t\t\t<div class=\"elementor-widget-container\">\n\t\t\t\t\t<h2 class=\"elementor-heading-title elementor-size-default\">Notre newsletter<\/h2>\t\t\t\t<\/div>\n\t\t\t\t<\/div>\n\t\t\t\t<div class=\"elementor-element elementor-element-6bd9af8 elementor-widget elementor-widget-text-editor\" data-id=\"6bd9af8\" data-element_type=\"widget\" data-widget_type=\"text-editor.default\">\n\t\t\t\t<div class=\"elementor-widget-container\">\n\t\t\t\t\t\t\t\t\t<p>Ne ratez plus nos nouveaut\u00e9s, promotions et bons conseils !<\/p>\t\t\t\t\t\t\t\t<\/div>\n\t\t\t\t<\/div>\n\t\t\t\t\t<\/div>\n\t\t<\/div>\n\t\t\t\t<div class=\"elementor-column elementor-col-50 elementor-top-column elementor-element elementor-element-1dde267\" data-id=\"1dde267\" data-element_type=\"column\">\n\t\t\t<div class=\"elementor-widget-wrap elementor-element-populated\">\n\t\t\t\t\t\t<div class=\"elementor-element elementor-element-900211c elementor-button-align-stretch elementor-widget elementor-widget-form\" data-id=\"900211c\" data-element_type=\"widget\" data-settings=\"{&quot;button_width&quot;:&quot;30&quot;,&quot;step_next_label&quot;:&quot;Suivant&quot;,&quot;step_previous_label&quot;:&quot;Pr\\u00e9c\\u00e9dent&quot;,&quot;step_type&quot;:&quot;number_text&quot;,&quot;step_icon_shape&quot;:&quot;circle&quot;}\" data-widget_type=\"form.default\">\n\t\t\t\t<div class=\"elementor-widget-container\">\n\t\t\t\t\t\t\t<form class=\"elementor-form\" method=\"post\" name=\"Newsletter\">\n\t\t\t<input type=\"hidden\" name=\"post_id\" value=\"925\"\/>\n\t\t\t<input type=\"hidden\" name=\"form_id\" value=\"900211c\"\/>\n\t\t\t<input type=\"hidden\" name=\"referer_title\" value=\"Our advantages\" \/>\n\n\t\t\t\t\t\t\t<input type=\"hidden\" name=\"queried_id\" value=\"925\"\/>\n\t\t\t\n\t\t\t<div class=\"elementor-form-fields-wrapper elementor-labels-\">\n\t\t\t\t\t\t\t\t<div class=\"elementor-field-type-email elementor-field-group elementor-column elementor-field-group-email elementor-col-70 elementor-field-required\">\n\t\t\t\t\t\t\t\t\t\t\t\t<label for=\"form-field-email\" class=\"elementor-field-label elementor-screen-only\">\n\t\t\t\t\t\t\t\tE-mail\t\t\t\t\t\t\t<\/label>\n\t\t\t\t\t\t\t\t\t\t\t\t\t\t<input size=\"1\" type=\"email\" name=\"form_fields[email]\" id=\"form-field-email\" class=\"elementor-field elementor-size-sm  elementor-field-textual\" placeholder=\"Entrez votre email\" required=\"required\" aria-required=\"true\">\n\t\t\t\t\t\t\t\t\t\t\t<\/div>\n\t\t\t\t\t\t\t\t<div class=\"elementor-field-group elementor-column elementor-field-type-submit elementor-col-30 e-form__buttons\">\n\t\t\t\t\t<button class=\"elementor-button elementor-size-sm\" type=\"submit\">\n\t\t\t\t\t\t<span class=\"elementor-button-content-wrapper\">\n\t\t\t\t\t\t\t\t\t\t\t\t\t\t\t\t\t\t\t\t\t\t<span class=\"elementor-button-text\">S'abonner<\/span>\n\t\t\t\t\t\t\t\t\t\t\t\t\t<\/span>\n\t\t\t\t\t<\/button>\n\t\t\t\t<\/div>\n\t\t\t<\/div>\n\t\t<\/form>\n\t\t\t\t\t\t<\/div>\n\t\t\t\t<\/div>\n\t\t\t\t\t<\/div>\n\t\t<\/div>\n\t\t\t\t\t<\/div>\n\t\t<\/section>\n\t\t\t\t<\/div>\n\t\t","protected":false},"excerpt":{"rendered":"<p>Our advantages Classe aptent taciti sociosqu ad litora torquent per conubia nostra, per inceptos himenaeos. Nunc sed lacus ac odio sollicitudin cursus sed pellentesque sem. Best quality Lorem ipsum dolor sit amet, consectetur adipiscing elit. \u00c9n\u00e9en sed lacus cursus lacus aliquam facilisis in sit amet sem. M\u00e9c\u00e8ne eu risus mi. M\u00e9c\u00e8ne a vehicula nisi, Free [&hellip;]<\/p>\n","protected":false},"author":1,"featured_media":0,"parent":0,"menu_order":0,"comment_status":"closed","ping_status":"closed","template":"","meta":{"footnotes":""},"class_list":["post-925","page","type-page","status-publish","hentry"],"_links":{"self":[{"href":"https:\/\/sarrisco.ca\/en\/wp-json\/wp\/v2\/pages\/925","targetHints":{"allow":["GET"]}}],"collection":[{"href":"https:\/\/sarrisco.ca\/en\/wp-json\/wp\/v2\/pages"}],"about":[{"href":"https:\/\/sarrisco.ca\/en\/wp-json\/wp\/v2\/types\/page"}],"author":[{"embeddable":true,"href":"https:\/\/sarrisco.ca\/en\/wp-json\/wp\/v2\/users\/1"}],"replies":[{"embeddable":true,"href":"https:\/\/sarrisco.ca\/en\/wp-json\/wp\/v2\/comments?post=925"}],"version-history":[{"count":4,"href":"https:\/\/sarrisco.ca\/en\/wp-json\/wp\/v2\/pages\/925\/revisions"}],"predecessor-version":[{"id":1016,"href":"https:\/\/sarrisco.ca\/en\/wp-json\/wp\/v2\/pages\/925\/revisions\/1016"}],"wp:attachment":[{"href":"https:\/\/sarrisco.ca\/en\/wp-json\/wp\/v2\/media?parent=925"}],"curies":[{"name":"wp","href":"https:\/\/api.w.org\/{rel}","templated":true}]}}